{"id":10,"date":"2025-06-30T22:59:35","date_gmt":"2025-06-30T22:59:35","guid":{"rendered":"https:\/\/gestionhabitacioneszaragoza.online\/?page_id=10"},"modified":"2025-07-03T19:23:12","modified_gmt":"2025-07-03T19:23:12","slug":"gestion-de-alquiler-por-habitaciones-en-zaragoza","status":"publish","type":"page","link":"https:\/\/gestionhabitacioneszaragoza.online\/","title":{"rendered":"Gesti\u00f3n de Alquiler por Habitaciones en Zaragoza"},"content":{"rendered":"\n<p>Enhorabuena.<\/p>\n\n\n\n<p>Vas a vivir la emocionante aventura de alquilar tu vivienda por habitaciones.<\/p>\n\n\n\n<div class=\"wp-block-buttons is-content-justification-center is-layout-flex wp-container-core-buttons-is-layout-a89b3969 wp-block-buttons-is-layout-flex\">\n<div class=\"wp-block-button is-style-fill\"><a class=\"wp-block-button__link has-contrast-color has-accent-1-background-color has-text-color has-background has-link-color has-text-align-center wp-element-button\" href=\"#valoracion\">Recibir Valoraci\u00f3n de mi Vivienda Ahora<\/a><\/div>\n<\/div>\n\n\n\n<p>Muchos se asustan ante este tipo de alquiler, pero otros&#8230; buscan profesionales que les puedan ayudar.<\/p>\n\n\n\n<p>Los que lo hacen, son muy inteligentes.<\/p>\n\n\n\n<p>\u00bfPor qu\u00e9?<\/p>\n\n\n\n<p>Porque aunque el alquiler por habitaciones es bueno para&#8230;<\/p>\n\n\n\n<p><strong>generar la m\u00e1xima rentabilidad de tu piso.<\/strong><\/p>\n\n\n\n<p><\/p>\n\n\n\n<p>Tambi\u00e9n puede&#8230;<\/p>\n\n\n\n<p>generar muchos dolores de cabeza.<\/p>\n\n\n\n<p><\/p>\n\n\n\n<p>PERO&#8230;<\/p>\n\n\n\n<p><\/p>\n\n\n\n<p>Si tienes a la agencia inmobiliaria adecuada, puedes llevarte TODO el dinero, sin tener ni un solo problema, porque&#8230;<\/p>\n\n\n\n<p>\u00a1la agencia se encarga de TODO!<\/p>\n\n\n\n<p>Asi que basicamente te convertiremos en un propietario feliz.<\/p>\n\n\n\n<p>FELIZ.<\/p>\n\n\n\n<p>FeLiZZZZZ!!!!<\/p>\n\n\n\n<p>Porque tendr\u00e1s dinero en el bolsillo, y la tranquilidad de estar en buenas manos.<\/p>\n\n\n\n<h2 class=\"wp-block-heading has-text-align-center\">La Mejor Gesti\u00f3n de Alquiler por Habitaciones en Zaragoza<\/h2>\n\n\n\n<p>Porfin has dado con un gestor de propiedades que de verdad se preocupa de tu piso, como si fuese el suyo.<\/p>\n\n\n\n<p>SI quieres averiguar cuanto puedes generar por tu propiedad (o propiedades), rellena los siguientes datos, y te mandamos una valoraci\u00f3n gratuita.<\/p>\n\n\n\n<p>Sin presi\u00f3n, no nos gustan las ventas forzadas, te mandaremos la valoraci\u00f3n, y tu decides si te interesa o no.<\/p>\n\n\n\n<h2 class=\"wp-block-heading has-text-align-center\" id=\"valoracion\">Recibe una Valoraci\u00f3n de Tu Vivienda<\/h2>\n\n\n\n<div class=\"wp-block-group is-style-section-3 has-medium-font-size has-global-padding is-layout-constrained wp-container-core-group-is-layout-80fb368b wp-block-group-is-layout-constrained is-style-section-3--1\" style=\"border-style:none;border-width:0px;border-radius:19px;padding-top:var(--wp--preset--spacing--30);padding-right:var(--wp--preset--spacing--30);padding-bottom:var(--wp--preset--spacing--30);padding-left:var(--wp--preset--spacing--30)\">\n<div class=\"wpcf7 no-js\" id=\"wpcf7-f27-o1\" lang=\"en-US\" dir=\"ltr\" data-wpcf7-id=\"27\">\n<div class=\"screen-reader-response\"><p role=\"status\" aria-live=\"polite\" aria-atomic=\"true\"><\/p> <ul><\/ul><\/div>\n<form action=\"\/index.php?rest_route=%2Fwp%2Fv2%2Fpages%2F10#wpcf7-f27-o1\" method=\"post\" class=\"wpcf7-form init\" aria-label=\"Contact form\" novalidate=\"novalidate\" data-status=\"init\">\n<fieldset class=\"hidden-fields-container\"><input type=\"hidden\" name=\"_wpcf7\" value=\"27\" \/><input type=\"hidden\" name=\"_wpcf7_version\" value=\"6.1\" \/><input type=\"hidden\" name=\"_wpcf7_locale\" value=\"en_US\" \/><input type=\"hidden\" name=\"_wpcf7_unit_tag\" value=\"wpcf7-f27-o1\" \/><input type=\"hidden\" name=\"_wpcf7_container_post\" value=\"0\" \/><input type=\"hidden\" name=\"_wpcf7_posted_data_hash\" value=\"\" \/>\n<\/fieldset>\n<p>Ciudad de la Vivienda<br \/>\n(seguramente es Zaragoza, pero trabajamos en toda Espa\u00f1a)<br \/>\n<span class=\"wpcf7-form-control-wrap\" data-name=\"ciudad\"><input size=\"40\" maxlength=\"400\" class=\"wpcf7-form-control wpcf7-text wpcf7-validates-as-required\" aria-required=\"true\" aria-invalid=\"false\" value=\"\" type=\"text\" name=\"ciudad\" \/><\/span>\n<\/p>\n<p>El barrio de la vivienda<br \/>\n<span class=\"wpcf7-form-control-wrap\" data-name=\"barrio\"><input size=\"40\" maxlength=\"400\" class=\"wpcf7-form-control wpcf7-text wpcf7-validates-as-required\" aria-required=\"true\" aria-invalid=\"false\" value=\"\" type=\"text\" name=\"barrio\" \/><\/span>\n<\/p>\n<p>La calle de la vivienda<br \/>\n<span class=\"wpcf7-form-control-wrap\" data-name=\"calle\"><input size=\"40\" maxlength=\"400\" class=\"wpcf7-form-control wpcf7-text wpcf7-validates-as-required\" aria-required=\"true\" aria-invalid=\"false\" value=\"\" type=\"text\" name=\"calle\" \/><\/span>\n<\/p>\n<p>N\u00famero de habitaciones de la vivienda<br \/>\n<span class=\"wpcf7-form-control-wrap\" data-name=\"habs\"><input size=\"40\" maxlength=\"400\" class=\"wpcf7-form-control wpcf7-text wpcf7-validates-as-required\" aria-required=\"true\" aria-invalid=\"false\" value=\"\" type=\"text\" name=\"habs\" \/><\/span>\n<\/p>\n<p>Planta de la vivienda<br \/>\n<span class=\"wpcf7-form-control-wrap\" data-name=\"planta\"><input size=\"40\" maxlength=\"400\" class=\"wpcf7-form-control wpcf7-text wpcf7-validates-as-required\" aria-required=\"true\" aria-invalid=\"false\" value=\"\" type=\"text\" name=\"planta\" \/><\/span>\n<\/p>\n<p>Notas o detalles que quieras a\u00f1adir<br \/>\n<span class=\"wpcf7-form-control-wrap\" data-name=\"your-message\"><textarea cols=\"40\" rows=\"10\" maxlength=\"2000\" class=\"wpcf7-form-control wpcf7-textarea\" aria-invalid=\"false\" name=\"your-message\"><\/textarea><\/span>\n<\/p>\n<p>Y para acabar:\n<\/p>\n<p><label> Tu Nombre<br \/>\n<span class=\"wpcf7-form-control-wrap\" data-name=\"your-name\"><input size=\"40\" maxlength=\"400\" class=\"wpcf7-form-control wpcf7-text wpcf7-validates-as-required\" aria-required=\"true\" aria-invalid=\"false\" value=\"\" type=\"text\" name=\"your-name\" \/><\/span> <\/label>\n<\/p>\n<p><label> Tu email<br \/>\n<span class=\"wpcf7-form-control-wrap\" data-name=\"your-email\"><input size=\"40\" maxlength=\"400\" class=\"wpcf7-form-control wpcf7-email wpcf7-validates-as-required wpcf7-text wpcf7-validates-as-email\" aria-required=\"true\" aria-invalid=\"false\" value=\"\" type=\"email\" name=\"your-email\" \/><\/span> <\/label>\n<\/p>\n<p>Tu whatsapp (tranquilo, no te llamaremos, solo te enviaremos la valoraci\u00f3n por chat)<br \/>\n<span class=\"wpcf7-form-control-wrap\" data-name=\"tel-736\"><input size=\"40\" maxlength=\"400\" class=\"wpcf7-form-control wpcf7-tel wpcf7-text wpcf7-validates-as-tel\" aria-invalid=\"false\" value=\"\" type=\"tel\" name=\"tel-736\" \/><\/span>\n<\/p>\n<p><input class=\"wpcf7-form-control wpcf7-submit has-spinner\" type=\"submit\" value=\"RECIBIR VALORACI\u00d3N ALQUILER\" \/>\n<\/p><div class=\"wpcf7-response-output\" aria-hidden=\"true\"><\/div>\n<\/form>\n<\/div>\n\n<\/div>\n\n\n\n<h2 class=\"wp-block-heading\"><\/h2>\n","protected":false},"excerpt":{"rendered":"<p>Enhorabuena. Vas a vivir la emocionante aventura de alquilar tu vivienda por habitaciones. Muchos se asustan ante este tipo de alquiler, pero otros&#8230; buscan profesionales que les puedan ayudar. Los que lo hacen, son muy inteligentes. \u00bfPor qu\u00e9? Porque aunque el alquiler por habitaciones es bueno para&#8230; generar la m\u00e1xima rentabilidad de tu piso. Tambi\u00e9n [&hellip;]<\/p>\n","protected":false},"author":1,"featured_media":0,"parent":0,"menu_order":0,"comment_status":"closed","ping_status":"closed","template":"","meta":{"footnotes":""},"class_list":["post-10","page","type-page","status-publish","hentry"],"yoast_head":"<!-- This site is optimized with the Yoast SEO plugin v25.3.1 - https:\/\/yoast.com\/wordpress\/plugins\/seo\/ -->\n<title>Gesti\u00f3n de Alquiler por Habitaciones en Zaragoza - Gesti\u00f3n de Alquiler por Habitaciones en Zaragoza<\/title>\n<meta name=\"robots\" content=\"index, follow, max-snippet:-1, max-image-preview:large, max-video-preview:-1\" \/>\n<link rel=\"canonical\" href=\"https:\/\/gestionhabitacioneszaragoza.online\/\" \/>\n<meta property=\"og:locale\" content=\"en_US\" \/>\n<meta property=\"og:type\" content=\"article\" \/>\n<meta property=\"og:title\" content=\"Gesti\u00f3n de Alquiler por Habitaciones en Zaragoza - Gesti\u00f3n de Alquiler por Habitaciones en Zaragoza\" \/>\n<meta property=\"og:description\" content=\"Enhorabuena. Vas a vivir la emocionante aventura de alquilar tu vivienda por habitaciones. Muchos se asustan ante este tipo de alquiler, pero otros&#8230; buscan profesionales que les puedan ayudar. Los que lo hacen, son muy inteligentes. \u00bfPor qu\u00e9? Porque aunque el alquiler por habitaciones es bueno para&#8230; generar la m\u00e1xima rentabilidad de tu piso. Tambi\u00e9n [&hellip;]\" \/>\n<meta property=\"og:url\" content=\"https:\/\/gestionhabitacioneszaragoza.online\/\" \/>\n<meta property=\"og:site_name\" content=\"Gesti\u00f3n de Alquiler por Habitaciones en Zaragoza\" \/>\n<meta property=\"article:modified_time\" content=\"2025-07-03T19:23:12+00:00\" \/>\n<meta name=\"twitter:card\" content=\"summary_large_image\" \/>\n<meta name=\"twitter:label1\" content=\"Est. reading time\" \/>\n\t<meta name=\"twitter:data1\" content=\"1 minute\" \/>\n<script type=\"application\/ld+json\" class=\"yoast-schema-graph\">{\"@context\":\"https:\/\/schema.org\",\"@graph\":[{\"@type\":\"WebPage\",\"@id\":\"https:\/\/gestionhabitacioneszaragoza.online\/\",\"url\":\"https:\/\/gestionhabitacioneszaragoza.online\/\",\"name\":\"Gesti\u00f3n de Alquiler por Habitaciones en Zaragoza - Gesti\u00f3n de Alquiler por Habitaciones en Zaragoza\",\"isPartOf\":{\"@id\":\"https:\/\/gestionhabitacioneszaragoza.online\/#website\"},\"datePublished\":\"2025-06-30T22:59:35+00:00\",\"dateModified\":\"2025-07-03T19:23:12+00:00\",\"breadcrumb\":{\"@id\":\"https:\/\/gestionhabitacioneszaragoza.online\/#breadcrumb\"},\"inLanguage\":\"en-US\",\"potentialAction\":[{\"@type\":\"ReadAction\",\"target\":[\"https:\/\/gestionhabitacioneszaragoza.online\/\"]}]},{\"@type\":\"BreadcrumbList\",\"@id\":\"https:\/\/gestionhabitacioneszaragoza.online\/#breadcrumb\",\"itemListElement\":[{\"@type\":\"ListItem\",\"position\":1,\"name\":\"Home\",\"item\":\"https:\/\/gestionhabitacioneszaragoza.online\/\"},{\"@type\":\"ListItem\",\"position\":2,\"name\":\"Gesti\u00f3n de Alquiler por Habitaciones en Zaragoza\"}]},{\"@type\":\"WebSite\",\"@id\":\"https:\/\/gestionhabitacioneszaragoza.online\/#website\",\"url\":\"https:\/\/gestionhabitacioneszaragoza.online\/\",\"name\":\"Gesti\u00f3n de Alquiler por Habitaciones en Zaragoza\",\"description\":\"Gesti\u00f3n de Habitaciones en Zaragoza es un proyecto de Grupo Naera.\",\"publisher\":{\"@id\":\"https:\/\/gestionhabitacioneszaragoza.online\/#organization\"},\"potentialAction\":[{\"@type\":\"SearchAction\",\"target\":{\"@type\":\"EntryPoint\",\"urlTemplate\":\"https:\/\/gestionhabitacioneszaragoza.online\/?s={search_term_string}\"},\"query-input\":{\"@type\":\"PropertyValueSpecification\",\"valueRequired\":true,\"valueName\":\"search_term_string\"}}],\"inLanguage\":\"en-US\"},{\"@type\":\"Organization\",\"@id\":\"https:\/\/gestionhabitacioneszaragoza.online\/#organization\",\"name\":\"Gesti\u00f3n de Alquiler por Habitaciones en Zaragoza\",\"url\":\"https:\/\/gestionhabitacioneszaragoza.online\/\",\"logo\":{\"@type\":\"ImageObject\",\"inLanguage\":\"en-US\",\"@id\":\"https:\/\/gestionhabitacioneszaragoza.online\/#\/schema\/logo\/image\/\",\"url\":\"https:\/\/gestionhabitacioneszaragoza.online\/wp-content\/uploads\/2025\/06\/image__20_-removebg-preview.png\",\"contentUrl\":\"https:\/\/gestionhabitacioneszaragoza.online\/wp-content\/uploads\/2025\/06\/image__20_-removebg-preview.png\",\"width\":443,\"height\":160,\"caption\":\"Gesti\u00f3n de Alquiler por Habitaciones en Zaragoza\"},\"image\":{\"@id\":\"https:\/\/gestionhabitacioneszaragoza.online\/#\/schema\/logo\/image\/\"}}]}<\/script>\n<!-- \/ Yoast SEO plugin. -->","yoast_head_json":{"title":"Gesti\u00f3n de Alquiler por Habitaciones en Zaragoza - Gesti\u00f3n de Alquiler por Habitaciones en Zaragoza","robots":{"index":"index","follow":"follow","max-snippet":"max-snippet:-1","max-image-preview":"max-image-preview:large","max-video-preview":"max-video-preview:-1"},"canonical":"https:\/\/gestionhabitacioneszaragoza.online\/","og_locale":"en_US","og_type":"article","og_title":"Gesti\u00f3n de Alquiler por Habitaciones en Zaragoza - Gesti\u00f3n de Alquiler por Habitaciones en Zaragoza","og_description":"Enhorabuena. Vas a vivir la emocionante aventura de alquilar tu vivienda por habitaciones. Muchos se asustan ante este tipo de alquiler, pero otros&#8230; buscan profesionales que les puedan ayudar. Los que lo hacen, son muy inteligentes. \u00bfPor qu\u00e9? Porque aunque el alquiler por habitaciones es bueno para&#8230; generar la m\u00e1xima rentabilidad de tu piso. Tambi\u00e9n [&hellip;]","og_url":"https:\/\/gestionhabitacioneszaragoza.online\/","og_site_name":"Gesti\u00f3n de Alquiler por Habitaciones en Zaragoza","article_modified_time":"2025-07-03T19:23:12+00:00","twitter_card":"summary_large_image","twitter_misc":{"Est. reading time":"1 minute"},"schema":{"@context":"https:\/\/schema.org","@graph":[{"@type":"WebPage","@id":"https:\/\/gestionhabitacioneszaragoza.online\/","url":"https:\/\/gestionhabitacioneszaragoza.online\/","name":"Gesti\u00f3n de Alquiler por Habitaciones en Zaragoza - Gesti\u00f3n de Alquiler por Habitaciones en Zaragoza","isPartOf":{"@id":"https:\/\/gestionhabitacioneszaragoza.online\/#website"},"datePublished":"2025-06-30T22:59:35+00:00","dateModified":"2025-07-03T19:23:12+00:00","breadcrumb":{"@id":"https:\/\/gestionhabitacioneszaragoza.online\/#breadcrumb"},"inLanguage":"en-US","potentialAction":[{"@type":"ReadAction","target":["https:\/\/gestionhabitacioneszaragoza.online\/"]}]},{"@type":"BreadcrumbList","@id":"https:\/\/gestionhabitacioneszaragoza.online\/#breadcrumb","itemListElement":[{"@type":"ListItem","position":1,"name":"Home","item":"https:\/\/gestionhabitacioneszaragoza.online\/"},{"@type":"ListItem","position":2,"name":"Gesti\u00f3n de Alquiler por Habitaciones en Zaragoza"}]},{"@type":"WebSite","@id":"https:\/\/gestionhabitacioneszaragoza.online\/#website","url":"https:\/\/gestionhabitacioneszaragoza.online\/","name":"Gesti\u00f3n de Alquiler por Habitaciones en Zaragoza","description":"Gesti\u00f3n de Habitaciones en Zaragoza es un proyecto de Grupo Naera.","publisher":{"@id":"https:\/\/gestionhabitacioneszaragoza.online\/#organization"},"potentialAction":[{"@type":"SearchAction","target":{"@type":"EntryPoint","urlTemplate":"https:\/\/gestionhabitacioneszaragoza.online\/?s={search_term_string}"},"query-input":{"@type":"PropertyValueSpecification","valueRequired":true,"valueName":"search_term_string"}}],"inLanguage":"en-US"},{"@type":"Organization","@id":"https:\/\/gestionhabitacioneszaragoza.online\/#organization","name":"Gesti\u00f3n de Alquiler por Habitaciones en Zaragoza","url":"https:\/\/gestionhabitacioneszaragoza.online\/","logo":{"@type":"ImageObject","inLanguage":"en-US","@id":"https:\/\/gestionhabitacioneszaragoza.online\/#\/schema\/logo\/image\/","url":"https:\/\/gestionhabitacioneszaragoza.online\/wp-content\/uploads\/2025\/06\/image__20_-removebg-preview.png","contentUrl":"https:\/\/gestionhabitacioneszaragoza.online\/wp-content\/uploads\/2025\/06\/image__20_-removebg-preview.png","width":443,"height":160,"caption":"Gesti\u00f3n de Alquiler por Habitaciones en Zaragoza"},"image":{"@id":"https:\/\/gestionhabitacioneszaragoza.online\/#\/schema\/logo\/image\/"}}]}},"_links":{"self":[{"href":"https:\/\/gestionhabitacioneszaragoza.online\/index.php?rest_route=\/wp\/v2\/pages\/10","targetHints":{"allow":["GET"]}}],"collection":[{"href":"https:\/\/gestionhabitacioneszaragoza.online\/index.php?rest_route=\/wp\/v2\/pages"}],"about":[{"href":"https:\/\/gestionhabitacioneszaragoza.online\/index.php?rest_route=\/wp\/v2\/types\/page"}],"author":[{"embeddable":true,"href":"https:\/\/gestionhabitacioneszaragoza.online\/index.php?rest_route=\/wp\/v2\/users\/1"}],"replies":[{"embeddable":true,"href":"https:\/\/gestionhabitacioneszaragoza.online\/index.php?rest_route=%2Fwp%2Fv2%2Fcomments&post=10"}],"version-history":[{"count":10,"href":"https:\/\/gestionhabitacioneszaragoza.online\/index.php?rest_route=\/wp\/v2\/pages\/10\/revisions"}],"predecessor-version":[{"id":38,"href":"https:\/\/gestionhabitacioneszaragoza.online\/index.php?rest_route=\/wp\/v2\/pages\/10\/revisions\/38"}],"wp:attachment":[{"href":"https:\/\/gestionhabitacioneszaragoza.online\/index.php?rest_route=%2Fwp%2Fv2%2Fmedia&parent=10"}],"curies":[{"name":"wp","href":"https:\/\/api.w.org\/{rel}","templated":true}]}}